{"id":6086,"date":"2021-02-18T09:10:51","date_gmt":"2021-02-18T09:10:51","guid":{"rendered":"https:\/\/www.b-berger.de\/?page_id=6086"},"modified":"2021-03-08T20:13:14","modified_gmt":"2021-03-08T20:13:14","slug":"logistik","status":"publish","type":"page","link":"https:\/\/www.b-berger.de\/de\/logistik\/","title":{"rendered":"Logistik"},"content":{"rendered":"<div class=\"wpb-content-wrapper\"><p>[vc_section][vc_row][vc_column]\n    <div class=\"heading heading-left\">\n                <h1>Logistik<\/h1>\n            <\/div>\n\n\n    \n    <div class=\"text-wrapper \">\n        <p>Vor zehn Jahren, mit dem Eintritt von Dr.-Ing. Benjamin Berger in das Unternehmen, erschloss die Firma BERGER Engineering das Gesch\u00e4ftsfeld Logistik. In diesem Bereich bieten wir Software und Systeme an, die unsere Kunden in ihre Logistik-Systeme integrieren.<\/p>\n<p>Mit unserer mehrfach ausgezeichneten Software <strong><em>SEOS<sup>\u00ae<\/sup><\/em><\/strong> (Speed and Energy Optimization System) unterst\u00fctzen wir Hersteller und Betreiber von Regalbedienger\u00e4ten bei der dynamischen Optimierung ihrer Anlagen. Hier steht eine Erh\u00f6hung des Lagerdurchsatzes der Hochregallager bei gleichzeitiger Energie- und Kosteneinsparungen im Fokus.<\/p>\n<p>F\u00fcr unsere Kunden in der stahlerzeugenden Industrie bieten wir Zeichenerkennungssysteme (<strong><em>ReaSy<sup>\u00ae<\/sup><\/em><\/strong> \u2013 Reading System) an, welche auf die rauen Umgebungsbedingungen in Stahlwerken optimiert wurden. Diese Lesesysteme erg\u00e4nzen unsere Stempel- und Markiermaschinen und werden zur Qualit\u00e4tssicherung und Materialverfolgung eingesetzt.<\/p>\n    <\/div>\n\n    [\/vc_column][\/vc_row][\/vc_section][vc_section full_width=&#8220;stretch_row&#8220; el_class=&#8220;grey&#8220;][vc_row][vc_column]\n    <div class=\"products-listing-wrapper\">\n                        <a href=\"\/de\/seos\">\n                    <div class=\"image-wrapper\">\n                        <div class=\"image lazyload\"\n                             style=\"background-image:inherit;\" data-bg-image=\"url(&#039;https:\/\/www.b-berger.de\/wp-content\/uploads\/2021\/02\/iStock_000023621690Large.jpg&#039;)\">\n                            <div class=\"title\">\n                                <p>SEOS\u00ae<\/p>\n                            <\/div>\n                        <\/div>\n                        <div class=\"text\">\n                                                    <\/div>\n                    <\/div>\n                <\/a>\n                                <a href=\"\/de\/reasy\">\n                    <div class=\"image-wrapper\">\n                        <div class=\"image lazyload\"\n                             style=\"background-image:inherit;\" data-bg-image=\"url(&#039;https:\/\/www.b-berger.de\/wp-content\/uploads\/2024\/03\/reasy-trinec-3.jpg&#039;)\">\n                            <div class=\"title\">\n                                <p>ReaSy\u00ae &#8211; ZEICHENERKENUNGSSYSTEME<\/p>\n                            <\/div>\n                        <\/div>\n                        <div class=\"text\">\n                                                    <\/div>\n                    <\/div>\n                <\/a>\n                        <div class=\"clearfix\"><\/div>\n    <\/div>\n\n    [\/vc_column][\/vc_row][\/vc_section]<\/p>\n<\/div>","protected":false},"excerpt":{"rendered":"<p>[vc_section][vc_row][vc_column][\/vc_column][\/vc_row][\/vc_section][vc_section full_width=&#8220;stretch_row&#8220; el_class=&#8220;grey&#8220;][vc_row][vc_column][\/vc_column][\/vc_row][\/vc_section]<\/p>\n","protected":false},"author":1,"featured_media":6411,"parent":0,"menu_order":0,"comment_status":"closed","ping_status":"closed","template":"","meta":{"_acf_changed":false,"footnotes":""},"class_list":["post-6086","page","type-page","status-publish","has-post-thumbnail","hentry"],"acf":[],"yoast_head":"<!-- This site is optimized with the Yoast SEO plugin v25.8 - https:\/\/yoast.com\/wordpress\/plugins\/seo\/ -->\n<title>Logistik-Systeme | BERGER ENGINEERING GmbH<\/title>\n<meta name=\"description\" content=\"Mit dem Eintritt von Dr.-Ing. Benjamin Berger in das Unternehmen, erschloss die Firma Berger Engineering das Gesch\u00e4ftsfeld Logistik.\" \/>\n<meta name=\"robots\" content=\"index, follow, max-snippet:-1, max-image-preview:large, max-video-preview:-1\" \/>\n<link rel=\"canonical\" href=\"https:\/\/www.b-berger.de\/de\/logistik\/\" \/>\n<meta property=\"og:locale\" content=\"de_DE\" \/>\n<meta property=\"og:type\" content=\"article\" \/>\n<meta property=\"og:title\" content=\"Logistik-Systeme | BERGER ENGINEERING GmbH\" \/>\n<meta property=\"og:description\" content=\"Mit dem Eintritt von Dr.-Ing. Benjamin Berger in das Unternehmen, erschloss die Firma Berger Engineering das Gesch\u00e4ftsfeld Logistik.\" \/>\n<meta property=\"og:url\" content=\"https:\/\/www.b-berger.de\/de\/logistik\/\" \/>\n<meta property=\"og:site_name\" content=\"BERGER ENGINEERING GmbH\" \/>\n<meta property=\"article:modified_time\" content=\"2021-03-08T20:13:14+00:00\" \/>\n<meta property=\"og:image\" content=\"https:\/\/www.b-berger.de\/wp-content\/uploads\/2021\/02\/Fotolia_68268051_XL.jpg\" \/>\n\t<meta property=\"og:image:width\" content=\"1530\" \/>\n\t<meta property=\"og:image:height\" content=\"1020\" \/>\n\t<meta property=\"og:image:type\" content=\"image\/jpeg\" \/>\n<meta name=\"twitter:card\" content=\"summary_large_image\" \/>\n<meta name=\"twitter:label1\" content=\"Gesch\u00e4tzte Lesezeit\" \/>\n\t<meta name=\"twitter:data1\" content=\"1\u00a0Minute\" \/>\n<script type=\"application\/ld+json\" class=\"yoast-schema-graph\">{\"@context\":\"https:\/\/schema.org\",\"@graph\":[{\"@type\":\"WebPage\",\"@id\":\"https:\/\/www.b-berger.de\/de\/logistik\/\",\"url\":\"https:\/\/www.b-berger.de\/de\/logistik\/\",\"name\":\"Logistik-Systeme | BERGER ENGINEERING GmbH\",\"isPartOf\":{\"@id\":\"https:\/\/www.b-berger.de\/zh-hans\/#website\"},\"primaryImageOfPage\":{\"@id\":\"https:\/\/www.b-berger.de\/de\/logistik\/#primaryimage\"},\"image\":{\"@id\":\"https:\/\/www.b-berger.de\/de\/logistik\/#primaryimage\"},\"thumbnailUrl\":\"https:\/\/www.b-berger.de\/wp-content\/uploads\/2021\/02\/Fotolia_68268051_XL.jpg\",\"datePublished\":\"2021-02-18T09:10:51+00:00\",\"dateModified\":\"2021-03-08T20:13:14+00:00\",\"description\":\"Mit dem Eintritt von Dr.-Ing. Benjamin Berger in das Unternehmen, erschloss die Firma Berger Engineering das Gesch\u00e4ftsfeld Logistik.\",\"breadcrumb\":{\"@id\":\"https:\/\/www.b-berger.de\/de\/logistik\/#breadcrumb\"},\"inLanguage\":\"de\",\"potentialAction\":[{\"@type\":\"ReadAction\",\"target\":[\"https:\/\/www.b-berger.de\/de\/logistik\/\"]}]},{\"@type\":\"ImageObject\",\"inLanguage\":\"de\",\"@id\":\"https:\/\/www.b-berger.de\/de\/logistik\/#primaryimage\",\"url\":\"https:\/\/www.b-berger.de\/wp-content\/uploads\/2021\/02\/Fotolia_68268051_XL.jpg\",\"contentUrl\":\"https:\/\/www.b-berger.de\/wp-content\/uploads\/2021\/02\/Fotolia_68268051_XL.jpg\",\"width\":1530,\"height\":1020},{\"@type\":\"BreadcrumbList\",\"@id\":\"https:\/\/www.b-berger.de\/de\/logistik\/#breadcrumb\",\"itemListElement\":[{\"@type\":\"ListItem\",\"position\":1,\"name\":\"Startseite\",\"item\":\"https:\/\/www.b-berger.de\/de\/\"},{\"@type\":\"ListItem\",\"position\":2,\"name\":\"Logistik\"}]},{\"@type\":\"WebSite\",\"@id\":\"https:\/\/www.b-berger.de\/zh-hans\/#website\",\"url\":\"https:\/\/www.b-berger.de\/zh-hans\/\",\"name\":\"BERGER ENGINEERING GmbH\",\"description\":\"\",\"publisher\":{\"@id\":\"https:\/\/www.b-berger.de\/zh-hans\/#organization\"},\"potentialAction\":[{\"@type\":\"SearchAction\",\"target\":{\"@type\":\"EntryPoint\",\"urlTemplate\":\"https:\/\/www.b-berger.de\/zh-hans\/?s={search_term_string}\"},\"query-input\":{\"@type\":\"PropertyValueSpecification\",\"valueRequired\":true,\"valueName\":\"search_term_string\"}}],\"inLanguage\":\"de\"},{\"@type\":\"Organization\",\"@id\":\"https:\/\/www.b-berger.de\/zh-hans\/#organization\",\"name\":\"BERGER ENGINEERING GmbH\",\"url\":\"https:\/\/www.b-berger.de\/zh-hans\/\",\"logo\":{\"@type\":\"ImageObject\",\"inLanguage\":\"de\",\"@id\":\"https:\/\/www.b-berger.de\/zh-hans\/#\/schema\/logo\/image\/\",\"url\":\"https:\/\/www.b-berger.de\/wp-content\/uploads\/2021\/03\/berger_weblogo.png\",\"contentUrl\":\"https:\/\/www.b-berger.de\/wp-content\/uploads\/2021\/03\/berger_weblogo.png\",\"width\":331,\"height\":80,\"caption\":\"BERGER ENGINEERING GmbH\"},\"image\":{\"@id\":\"https:\/\/www.b-berger.de\/zh-hans\/#\/schema\/logo\/image\/\"},\"sameAs\":[\"https:\/\/www.youtube.com\/channel\/UCGZZDIMzOIrILiKJLzNRQzA\"]}]}<\/script>\n<!-- \/ Yoast SEO plugin. -->","yoast_head_json":{"title":"Logistik-Systeme | BERGER ENGINEERING GmbH","description":"Mit dem Eintritt von Dr.-Ing. Benjamin Berger in das Unternehmen, erschloss die Firma Berger Engineering das Gesch\u00e4ftsfeld Logistik.","robots":{"index":"index","follow":"follow","max-snippet":"max-snippet:-1","max-image-preview":"max-image-preview:large","max-video-preview":"max-video-preview:-1"},"canonical":"https:\/\/www.b-berger.de\/de\/logistik\/","og_locale":"de_DE","og_type":"article","og_title":"Logistik-Systeme | BERGER ENGINEERING GmbH","og_description":"Mit dem Eintritt von Dr.-Ing. Benjamin Berger in das Unternehmen, erschloss die Firma Berger Engineering das Gesch\u00e4ftsfeld Logistik.","og_url":"https:\/\/www.b-berger.de\/de\/logistik\/","og_site_name":"BERGER ENGINEERING GmbH","article_modified_time":"2021-03-08T20:13:14+00:00","og_image":[{"width":1530,"height":1020,"url":"https:\/\/www.b-berger.de\/wp-content\/uploads\/2021\/02\/Fotolia_68268051_XL.jpg","type":"image\/jpeg"}],"twitter_card":"summary_large_image","twitter_misc":{"Gesch\u00e4tzte Lesezeit":"1\u00a0Minute"},"schema":{"@context":"https:\/\/schema.org","@graph":[{"@type":"WebPage","@id":"https:\/\/www.b-berger.de\/de\/logistik\/","url":"https:\/\/www.b-berger.de\/de\/logistik\/","name":"Logistik-Systeme | BERGER ENGINEERING GmbH","isPartOf":{"@id":"https:\/\/www.b-berger.de\/zh-hans\/#website"},"primaryImageOfPage":{"@id":"https:\/\/www.b-berger.de\/de\/logistik\/#primaryimage"},"image":{"@id":"https:\/\/www.b-berger.de\/de\/logistik\/#primaryimage"},"thumbnailUrl":"https:\/\/www.b-berger.de\/wp-content\/uploads\/2021\/02\/Fotolia_68268051_XL.jpg","datePublished":"2021-02-18T09:10:51+00:00","dateModified":"2021-03-08T20:13:14+00:00","description":"Mit dem Eintritt von Dr.-Ing. Benjamin Berger in das Unternehmen, erschloss die Firma Berger Engineering das Gesch\u00e4ftsfeld Logistik.","breadcrumb":{"@id":"https:\/\/www.b-berger.de\/de\/logistik\/#breadcrumb"},"inLanguage":"de","potentialAction":[{"@type":"ReadAction","target":["https:\/\/www.b-berger.de\/de\/logistik\/"]}]},{"@type":"ImageObject","inLanguage":"de","@id":"https:\/\/www.b-berger.de\/de\/logistik\/#primaryimage","url":"https:\/\/www.b-berger.de\/wp-content\/uploads\/2021\/02\/Fotolia_68268051_XL.jpg","contentUrl":"https:\/\/www.b-berger.de\/wp-content\/uploads\/2021\/02\/Fotolia_68268051_XL.jpg","width":1530,"height":1020},{"@type":"BreadcrumbList","@id":"https:\/\/www.b-berger.de\/de\/logistik\/#breadcrumb","itemListElement":[{"@type":"ListItem","position":1,"name":"Startseite","item":"https:\/\/www.b-berger.de\/de\/"},{"@type":"ListItem","position":2,"name":"Logistik"}]},{"@type":"WebSite","@id":"https:\/\/www.b-berger.de\/zh-hans\/#website","url":"https:\/\/www.b-berger.de\/zh-hans\/","name":"BERGER ENGINEERING GmbH","description":"","publisher":{"@id":"https:\/\/www.b-berger.de\/zh-hans\/#organization"},"potentialAction":[{"@type":"SearchAction","target":{"@type":"EntryPoint","urlTemplate":"https:\/\/www.b-berger.de\/zh-hans\/?s={search_term_string}"},"query-input":{"@type":"PropertyValueSpecification","valueRequired":true,"valueName":"search_term_string"}}],"inLanguage":"de"},{"@type":"Organization","@id":"https:\/\/www.b-berger.de\/zh-hans\/#organization","name":"BERGER ENGINEERING GmbH","url":"https:\/\/www.b-berger.de\/zh-hans\/","logo":{"@type":"ImageObject","inLanguage":"de","@id":"https:\/\/www.b-berger.de\/zh-hans\/#\/schema\/logo\/image\/","url":"https:\/\/www.b-berger.de\/wp-content\/uploads\/2021\/03\/berger_weblogo.png","contentUrl":"https:\/\/www.b-berger.de\/wp-content\/uploads\/2021\/03\/berger_weblogo.png","width":331,"height":80,"caption":"BERGER ENGINEERING GmbH"},"image":{"@id":"https:\/\/www.b-berger.de\/zh-hans\/#\/schema\/logo\/image\/"},"sameAs":["https:\/\/www.youtube.com\/channel\/UCGZZDIMzOIrILiKJLzNRQzA"]}]}},"_links":{"self":[{"href":"https:\/\/www.b-berger.de\/de\/wp-json\/wp\/v2\/pages\/6086","targetHints":{"allow":["GET"]}}],"collection":[{"href":"https:\/\/www.b-berger.de\/de\/wp-json\/wp\/v2\/pages"}],"about":[{"href":"https:\/\/www.b-berger.de\/de\/wp-json\/wp\/v2\/types\/page"}],"author":[{"embeddable":true,"href":"https:\/\/www.b-berger.de\/de\/wp-json\/wp\/v2\/users\/1"}],"replies":[{"embeddable":true,"href":"https:\/\/www.b-berger.de\/de\/wp-json\/wp\/v2\/comments?post=6086"}],"version-history":[{"count":6,"href":"https:\/\/www.b-berger.de\/de\/wp-json\/wp\/v2\/pages\/6086\/revisions"}],"predecessor-version":[{"id":8304,"href":"https:\/\/www.b-berger.de\/de\/wp-json\/wp\/v2\/pages\/6086\/revisions\/8304"}],"wp:featuredmedia":[{"embeddable":true,"href":"https:\/\/www.b-berger.de\/de\/wp-json\/wp\/v2\/media\/6411"}],"wp:attachment":[{"href":"https:\/\/www.b-berger.de\/de\/wp-json\/wp\/v2\/media?parent=6086"}],"curies":[{"name":"wp","href":"https:\/\/api.w.org\/{rel}","templated":true}]}}