{"id":6088,"date":"2021-02-18T09:11:04","date_gmt":"2021-02-18T09:11:04","guid":{"rendered":"https:\/\/www.b-berger.de\/?page_id=6088"},"modified":"2021-03-08T20:11:03","modified_gmt":"2021-03-08T20:11:03","slug":"ersatzteile-und-service","status":"publish","type":"page","link":"https:\/\/www.b-berger.de\/de\/ersatzteile-und-service\/","title":{"rendered":"Ersatzteile und Service"},"content":{"rendered":"<div class=\"wpb-content-wrapper\"><p>[vc_section][vc_row][vc_column]\n    <div class=\"heading heading-left\">\n                <h1>ERSATZTEILE &amp; SERVICE<\/h1>\n            <\/div>\n\n\n    \n    <div class=\"text-wrapper \">\n        <p>Wenn die Produktion stillsteht, ist jede Stunde entscheidend: Anlagenstillst\u00e4nde und Ausfallzeiten von Maschinen k\u00f6nnen teuer werden. Deshalb ist es wichtig einen verl\u00e4sslichen Partner zu haben, der Erfahrung hat und auf Qualit\u00e4t wert legt. Mit mehr als 350 weltweit ausgelieferten Maschinen und Anlagen sind wir auf allen Kontinenten im Einsatz. Mit einem Exportanteil von \u00fcber 95% geh\u00f6ren weltweite Inbetriebnahmen und Serviceeins\u00e4tze f\u00fcr uns zum t\u00e4glichen Gesch\u00e4ft. Von uns erh\u00e4lt der Kunde nicht nur die perfekt auf ihn abgestimmte Maschine \u2013 wir versorgen ihn auch mit den n\u00f6tigen Ersatzteilen und Services, damit die Produktion niemals stillsteht.<\/p>\n<p><strong>\u00a0<\/strong><\/p>\n    <\/div>\n\n    [\/vc_column][\/vc_row][\/vc_section][vc_section full_width=&#8220;stretch_row&#8220; el_class=&#8220;grey&#8220;][vc_row][vc_column]\n    <div class=\"products-listing-wrapper\">\n                        <a href=\"\/de\/produkte\/ersatzteile\/\">\n                    <div class=\"image-wrapper\">\n                        <div class=\"image lazyload\"\n                             style=\"background-image:inherit;\" data-bg-image=\"url(&#039;https:\/\/www.b-berger.de\/wp-content\/uploads\/2021\/02\/ersatzteile_15.jpg&#039;)\">\n                            <div class=\"title\">\n                                <p>ERSATZTEILE<\/p>\n                            <\/div>\n                        <\/div>\n                        <div class=\"text\">\n                                                    <\/div>\n                    <\/div>\n                <\/a>\n                                <a href=\"\/de\/service-und-revamping\/\">\n                    <div class=\"image-wrapper\">\n                        <div class=\"image lazyload\"\n                             style=\"background-image:inherit;\" data-bg-image=\"url(&#039;https:\/\/www.b-berger.de\/wp-content\/uploads\/2021\/03\/05.02.13_12.jpg&#039;)\">\n                            <div class=\"title\">\n                                <p>SERVICE<\/p>\n                            <\/div>\n                        <\/div>\n                        <div class=\"text\">\n                                                    <\/div>\n                    <\/div>\n                <\/a>\n                        <div class=\"clearfix\"><\/div>\n    <\/div>\n\n    [\/vc_column][\/vc_row][\/vc_section]<\/p>\n<\/div>","protected":false},"excerpt":{"rendered":"<p>[vc_section][vc_row][vc_column][\/vc_column][\/vc_row][\/vc_section][vc_section full_width=&#8220;stretch_row&#8220; el_class=&#8220;grey&#8220;][vc_row][vc_column][\/vc_column][\/vc_row][\/vc_section]<\/p>\n","protected":false},"author":1,"featured_media":6947,"parent":0,"menu_order":0,"comment_status":"closed","ping_status":"closed","template":"","meta":{"_acf_changed":false,"footnotes":""},"class_list":["post-6088","page","type-page","status-publish","has-post-thumbnail","hentry"],"acf":[],"yoast_head":"<!-- This site is optimized with the Yoast SEO plugin v25.8 - https:\/\/yoast.com\/wordpress\/plugins\/seo\/ -->\n<title>Ersatzteile und Service | BERGER ENGINEERING GmbH<\/title>\n<meta name=\"description\" content=\"Mit einem Exportanteil von \u00fcber 95 % geh\u00f6ren weltweite Inbetriebnahmen und Serviceeins\u00e4tze f\u00fcr uns zum t\u00e4glichen Gesch\u00e4ft.\" \/>\n<meta name=\"robots\" content=\"index, follow, max-snippet:-1, max-image-preview:large, max-video-preview:-1\" \/>\n<link rel=\"canonical\" href=\"https:\/\/www.b-berger.de\/de\/ersatzteile-und-service\/\" \/>\n<meta property=\"og:locale\" content=\"de_DE\" \/>\n<meta property=\"og:type\" content=\"article\" \/>\n<meta property=\"og:title\" content=\"Ersatzteile und Service | BERGER ENGINEERING GmbH\" \/>\n<meta property=\"og:description\" content=\"Mit einem Exportanteil von \u00fcber 95 % geh\u00f6ren weltweite Inbetriebnahmen und Serviceeins\u00e4tze f\u00fcr uns zum t\u00e4glichen Gesch\u00e4ft.\" \/>\n<meta property=\"og:url\" content=\"https:\/\/www.b-berger.de\/de\/ersatzteile-und-service\/\" \/>\n<meta property=\"og:site_name\" content=\"BERGER ENGINEERING GmbH\" \/>\n<meta property=\"article:modified_time\" content=\"2021-03-08T20:11:03+00:00\" \/>\n<meta property=\"og:image\" content=\"https:\/\/www.b-berger.de\/wp-content\/uploads\/2021\/03\/ersatzteile_32.jpg\" \/>\n\t<meta property=\"og:image:width\" content=\"1400\" \/>\n\t<meta property=\"og:image:height\" content=\"1047\" \/>\n\t<meta property=\"og:image:type\" content=\"image\/jpeg\" \/>\n<meta name=\"twitter:card\" content=\"summary_large_image\" \/>\n<meta name=\"twitter:label1\" content=\"Gesch\u00e4tzte Lesezeit\" \/>\n\t<meta name=\"twitter:data1\" content=\"1\u00a0Minute\" \/>\n<script type=\"application\/ld+json\" class=\"yoast-schema-graph\">{\"@context\":\"https:\/\/schema.org\",\"@graph\":[{\"@type\":\"WebPage\",\"@id\":\"https:\/\/www.b-berger.de\/de\/ersatzteile-und-service\/\",\"url\":\"https:\/\/www.b-berger.de\/de\/ersatzteile-und-service\/\",\"name\":\"Ersatzteile und Service | BERGER ENGINEERING GmbH\",\"isPartOf\":{\"@id\":\"https:\/\/www.b-berger.de\/zh-hans\/#website\"},\"primaryImageOfPage\":{\"@id\":\"https:\/\/www.b-berger.de\/de\/ersatzteile-und-service\/#primaryimage\"},\"image\":{\"@id\":\"https:\/\/www.b-berger.de\/de\/ersatzteile-und-service\/#primaryimage\"},\"thumbnailUrl\":\"https:\/\/www.b-berger.de\/wp-content\/uploads\/2021\/03\/ersatzteile_32.jpg\",\"datePublished\":\"2021-02-18T09:11:04+00:00\",\"dateModified\":\"2021-03-08T20:11:03+00:00\",\"description\":\"Mit einem Exportanteil von \u00fcber 95 % geh\u00f6ren weltweite Inbetriebnahmen und Serviceeins\u00e4tze f\u00fcr uns zum t\u00e4glichen Gesch\u00e4ft.\",\"breadcrumb\":{\"@id\":\"https:\/\/www.b-berger.de\/de\/ersatzteile-und-service\/#breadcrumb\"},\"inLanguage\":\"de\",\"potentialAction\":[{\"@type\":\"ReadAction\",\"target\":[\"https:\/\/www.b-berger.de\/de\/ersatzteile-und-service\/\"]}]},{\"@type\":\"ImageObject\",\"inLanguage\":\"de\",\"@id\":\"https:\/\/www.b-berger.de\/de\/ersatzteile-und-service\/#primaryimage\",\"url\":\"https:\/\/www.b-berger.de\/wp-content\/uploads\/2021\/03\/ersatzteile_32.jpg\",\"contentUrl\":\"https:\/\/www.b-berger.de\/wp-content\/uploads\/2021\/03\/ersatzteile_32.jpg\",\"width\":1400,\"height\":1047},{\"@type\":\"BreadcrumbList\",\"@id\":\"https:\/\/www.b-berger.de\/de\/ersatzteile-und-service\/#breadcrumb\",\"itemListElement\":[{\"@type\":\"ListItem\",\"position\":1,\"name\":\"Startseite\",\"item\":\"https:\/\/www.b-berger.de\/de\/\"},{\"@type\":\"ListItem\",\"position\":2,\"name\":\"Ersatzteile und Service\"}]},{\"@type\":\"WebSite\",\"@id\":\"https:\/\/www.b-berger.de\/zh-hans\/#website\",\"url\":\"https:\/\/www.b-berger.de\/zh-hans\/\",\"name\":\"BERGER ENGINEERING GmbH\",\"description\":\"\",\"publisher\":{\"@id\":\"https:\/\/www.b-berger.de\/zh-hans\/#organization\"},\"potentialAction\":[{\"@type\":\"SearchAction\",\"target\":{\"@type\":\"EntryPoint\",\"urlTemplate\":\"https:\/\/www.b-berger.de\/zh-hans\/?s={search_term_string}\"},\"query-input\":{\"@type\":\"PropertyValueSpecification\",\"valueRequired\":true,\"valueName\":\"search_term_string\"}}],\"inLanguage\":\"de\"},{\"@type\":\"Organization\",\"@id\":\"https:\/\/www.b-berger.de\/zh-hans\/#organization\",\"name\":\"BERGER ENGINEERING GmbH\",\"url\":\"https:\/\/www.b-berger.de\/zh-hans\/\",\"logo\":{\"@type\":\"ImageObject\",\"inLanguage\":\"de\",\"@id\":\"https:\/\/www.b-berger.de\/zh-hans\/#\/schema\/logo\/image\/\",\"url\":\"https:\/\/www.b-berger.de\/wp-content\/uploads\/2021\/03\/berger_weblogo.png\",\"contentUrl\":\"https:\/\/www.b-berger.de\/wp-content\/uploads\/2021\/03\/berger_weblogo.png\",\"width\":331,\"height\":80,\"caption\":\"BERGER ENGINEERING GmbH\"},\"image\":{\"@id\":\"https:\/\/www.b-berger.de\/zh-hans\/#\/schema\/logo\/image\/\"},\"sameAs\":[\"https:\/\/www.youtube.com\/channel\/UCGZZDIMzOIrILiKJLzNRQzA\"]}]}<\/script>\n<!-- \/ Yoast SEO plugin. -->","yoast_head_json":{"title":"Ersatzteile und Service | BERGER ENGINEERING GmbH","description":"Mit einem Exportanteil von \u00fcber 95 % geh\u00f6ren weltweite Inbetriebnahmen und Serviceeins\u00e4tze f\u00fcr uns zum t\u00e4glichen Gesch\u00e4ft.","robots":{"index":"index","follow":"follow","max-snippet":"max-snippet:-1","max-image-preview":"max-image-preview:large","max-video-preview":"max-video-preview:-1"},"canonical":"https:\/\/www.b-berger.de\/de\/ersatzteile-und-service\/","og_locale":"de_DE","og_type":"article","og_title":"Ersatzteile und Service | BERGER ENGINEERING GmbH","og_description":"Mit einem Exportanteil von \u00fcber 95 % geh\u00f6ren weltweite Inbetriebnahmen und Serviceeins\u00e4tze f\u00fcr uns zum t\u00e4glichen Gesch\u00e4ft.","og_url":"https:\/\/www.b-berger.de\/de\/ersatzteile-und-service\/","og_site_name":"BERGER ENGINEERING GmbH","article_modified_time":"2021-03-08T20:11:03+00:00","og_image":[{"width":1400,"height":1047,"url":"https:\/\/www.b-berger.de\/wp-content\/uploads\/2021\/03\/ersatzteile_32.jpg","type":"image\/jpeg"}],"twitter_card":"summary_large_image","twitter_misc":{"Gesch\u00e4tzte Lesezeit":"1\u00a0Minute"},"schema":{"@context":"https:\/\/schema.org","@graph":[{"@type":"WebPage","@id":"https:\/\/www.b-berger.de\/de\/ersatzteile-und-service\/","url":"https:\/\/www.b-berger.de\/de\/ersatzteile-und-service\/","name":"Ersatzteile und Service | BERGER ENGINEERING GmbH","isPartOf":{"@id":"https:\/\/www.b-berger.de\/zh-hans\/#website"},"primaryImageOfPage":{"@id":"https:\/\/www.b-berger.de\/de\/ersatzteile-und-service\/#primaryimage"},"image":{"@id":"https:\/\/www.b-berger.de\/de\/ersatzteile-und-service\/#primaryimage"},"thumbnailUrl":"https:\/\/www.b-berger.de\/wp-content\/uploads\/2021\/03\/ersatzteile_32.jpg","datePublished":"2021-02-18T09:11:04+00:00","dateModified":"2021-03-08T20:11:03+00:00","description":"Mit einem Exportanteil von \u00fcber 95 % geh\u00f6ren weltweite Inbetriebnahmen und Serviceeins\u00e4tze f\u00fcr uns zum t\u00e4glichen Gesch\u00e4ft.","breadcrumb":{"@id":"https:\/\/www.b-berger.de\/de\/ersatzteile-und-service\/#breadcrumb"},"inLanguage":"de","potentialAction":[{"@type":"ReadAction","target":["https:\/\/www.b-berger.de\/de\/ersatzteile-und-service\/"]}]},{"@type":"ImageObject","inLanguage":"de","@id":"https:\/\/www.b-berger.de\/de\/ersatzteile-und-service\/#primaryimage","url":"https:\/\/www.b-berger.de\/wp-content\/uploads\/2021\/03\/ersatzteile_32.jpg","contentUrl":"https:\/\/www.b-berger.de\/wp-content\/uploads\/2021\/03\/ersatzteile_32.jpg","width":1400,"height":1047},{"@type":"BreadcrumbList","@id":"https:\/\/www.b-berger.de\/de\/ersatzteile-und-service\/#breadcrumb","itemListElement":[{"@type":"ListItem","position":1,"name":"Startseite","item":"https:\/\/www.b-berger.de\/de\/"},{"@type":"ListItem","position":2,"name":"Ersatzteile und Service"}]},{"@type":"WebSite","@id":"https:\/\/www.b-berger.de\/zh-hans\/#website","url":"https:\/\/www.b-berger.de\/zh-hans\/","name":"BERGER ENGINEERING GmbH","description":"","publisher":{"@id":"https:\/\/www.b-berger.de\/zh-hans\/#organization"},"potentialAction":[{"@type":"SearchAction","target":{"@type":"EntryPoint","urlTemplate":"https:\/\/www.b-berger.de\/zh-hans\/?s={search_term_string}"},"query-input":{"@type":"PropertyValueSpecification","valueRequired":true,"valueName":"search_term_string"}}],"inLanguage":"de"},{"@type":"Organization","@id":"https:\/\/www.b-berger.de\/zh-hans\/#organization","name":"BERGER ENGINEERING GmbH","url":"https:\/\/www.b-berger.de\/zh-hans\/","logo":{"@type":"ImageObject","inLanguage":"de","@id":"https:\/\/www.b-berger.de\/zh-hans\/#\/schema\/logo\/image\/","url":"https:\/\/www.b-berger.de\/wp-content\/uploads\/2021\/03\/berger_weblogo.png","contentUrl":"https:\/\/www.b-berger.de\/wp-content\/uploads\/2021\/03\/berger_weblogo.png","width":331,"height":80,"caption":"BERGER ENGINEERING GmbH"},"image":{"@id":"https:\/\/www.b-berger.de\/zh-hans\/#\/schema\/logo\/image\/"},"sameAs":["https:\/\/www.youtube.com\/channel\/UCGZZDIMzOIrILiKJLzNRQzA"]}]}},"_links":{"self":[{"href":"https:\/\/www.b-berger.de\/de\/wp-json\/wp\/v2\/pages\/6088","targetHints":{"allow":["GET"]}}],"collection":[{"href":"https:\/\/www.b-berger.de\/de\/wp-json\/wp\/v2\/pages"}],"about":[{"href":"https:\/\/www.b-berger.de\/de\/wp-json\/wp\/v2\/types\/page"}],"author":[{"embeddable":true,"href":"https:\/\/www.b-berger.de\/de\/wp-json\/wp\/v2\/users\/1"}],"replies":[{"embeddable":true,"href":"https:\/\/www.b-berger.de\/de\/wp-json\/wp\/v2\/comments?post=6088"}],"version-history":[{"count":5,"href":"https:\/\/www.b-berger.de\/de\/wp-json\/wp\/v2\/pages\/6088\/revisions"}],"predecessor-version":[{"id":8302,"href":"https:\/\/www.b-berger.de\/de\/wp-json\/wp\/v2\/pages\/6088\/revisions\/8302"}],"wp:featuredmedia":[{"embeddable":true,"href":"https:\/\/www.b-berger.de\/de\/wp-json\/wp\/v2\/media\/6947"}],"wp:attachment":[{"href":"https:\/\/www.b-berger.de\/de\/wp-json\/wp\/v2\/media?parent=6088"}],"curies":[{"name":"wp","href":"https:\/\/api.w.org\/{rel}","templated":true}]}}