{"id":9019,"date":"2021-02-18T09:11:04","date_gmt":"2021-02-18T09:11:04","guid":{"rendered":"https:\/\/www.b-berger.de\/ersatzteile-und-service\/"},"modified":"2021-03-24T10:37:15","modified_gmt":"2021-03-24T10:37:15","slug":"%e5%a4%87%e4%bb%b6%e5%92%8c%e6%9c%8d%e5%8a%a1","status":"publish","type":"page","link":"https:\/\/www.b-berger.de\/zh-hans\/%e5%a4%87%e4%bb%b6%e5%92%8c%e6%9c%8d%e5%8a%a1\/","title":{"rendered":"Ersatzteile und Service"},"content":{"rendered":"<div class=\"wpb-content-wrapper\"><p>[vc_section][vc_row][vc_column]\n    <div class=\"heading heading-left\">\n                <h1>\u5907\u4ef6\u548c\u670d\u52a1<\/h1>\n            <\/div>\n\n\n    \n    <div class=\"text-wrapper \">\n        <p>\u5f53\u751f\u4ea7\u9677\u5165\u505c\u6ede\u72b6\u6001\u65f6\uff0c\u6bcf\u4e00\u4e2a\u5c0f\u65f6\u90fd\u5f88\u91cd\u8981\uff1a \u5de5\u5382\u505c\u5de5\u548c\u673a\u5668\u505c\u5de5\u65f6\u95f4\u53ef\u80fd\u4f1a\u5f88\u4ea7\u751f\u9ad8\u6602\u635f\u5931\u3002 \u6240\u4ee5\uff0c\u62e5\u6709\u4e00\u4e2a\u53ef\u9760\u7684\u3001\u6709\u7ecf\u9a8c\u7684\u3001\u91cd\u89c6\u8d28\u91cf\u7684\u5408\u4f5c\u4f19\u4f34\u5f88\u91cd\u8981\u3002 \u6211\u4eec\u5728\u5168\u7403\u4ea4\u4ed8\u4e86350\u591a\u53f0\u673a\u5668\u8bbe\u5907\uff0c\u5728\u5404\u5927\u6d32\u90fd\u6709\u4e1a\u52a1\u3002 \u6211\u4eec\u7684\u51fa\u53e3\u4efd\u989d\u8d85\u8fc795%\uff0c\u5168\u7403\u8303\u56f4\u5185\u7684\u8c03\u8bd5\u548c\u670d\u52a1\u5bf9\u4e8e\u6211\u4eec\u6765\u8bf4\u4e60\u4ee5\u4e3a\u5e38\u3002 \u4ece\u6211\u4eec\u8fd9\u91cc\uff0c\u5ba2\u6237\u4e0d\u4ec5\u5f97\u5230\u4e86\u4e0e\u81ea\u5df1\u5b8c\u7f8e\u5339\u914d\u7684\u673a\u5668\uff0c\u6211\u4eec\u8fd8\u4e3a\u5ba2\u6237\u63d0\u4f9b\u5fc5\u8981\u7684\u5907\u4ef6\u548c\u670d\u52a1\uff0c\u4f7f\u751f\u4ea7\u6c38\u8fdc\u4e0d\u4f1a\u505c\u5de5\u3002<\/p>\n<p><strong>\u00a0<\/strong><\/p>\n    <\/div>\n\n    [\/vc_column][\/vc_row][\/vc_section][vc_section full_width=&#8221;stretch_row&#8221; el_class=&#8221;grey&#8221;][vc_row][vc_column]\n    <div class=\"products-listing-wrapper\">\n                <div class=\"clearfix\"><\/div>\n    <\/div>\n\n    [\/vc_column][\/vc_row][\/vc_section]<\/p>\n<\/div>","protected":false},"excerpt":{"rendered":"<p>[vc_section][vc_row][vc_column][\/vc_column][\/vc_row][\/v &hellip; <\/p>\n<p class=\"link-more\"><a href=\"https:\/\/www.b-berger.de\/zh-hans\/%e5%a4%87%e4%bb%b6%e5%92%8c%e6%9c%8d%e5%8a%a1\/\" class=\"more-link\">Continue reading<span class=\"screen-reader-text\"> &#8220;Ersatzteile und Service&#8221;<\/span><\/a><\/p>\n","protected":false},"author":1,"featured_media":6948,"parent":0,"menu_order":0,"comment_status":"closed","ping_status":"closed","template":"","meta":{"_acf_changed":false,"footnotes":""},"class_list":["post-9019","page","type-page","status-publish","has-post-thumbnail","hentry"],"acf":[],"yoast_head":"<!-- This site is optimized with the Yoast SEO plugin v25.8 - https:\/\/yoast.com\/wordpress\/plugins\/seo\/ -->\n<title>Ersatzteile und Service | BERGER ENGINEERING GmbH<\/title>\n<meta name=\"description\" content=\"Mit einem Exportanteil von \u00fcber 95 % geh\u00f6ren weltweite Inbetriebnahmen und Serviceeins\u00e4tze f\u00fcr uns zum t\u00e4glichen Gesch\u00e4ft.\" \/>\n<meta name=\"robots\" content=\"index, follow, max-snippet:-1, max-image-preview:large, max-video-preview:-1\" \/>\n<link rel=\"canonical\" href=\"https:\/\/www.b-berger.de\/zh-hans\/\u5907\u4ef6\u548c\u670d\u52a1\/\" \/>\n<meta property=\"og:locale\" content=\"zh_CN\" \/>\n<meta property=\"og:type\" content=\"article\" \/>\n<meta property=\"og:title\" content=\"Ersatzteile und Service | BERGER ENGINEERING GmbH\" \/>\n<meta property=\"og:description\" content=\"Mit einem Exportanteil von \u00fcber 95 % geh\u00f6ren weltweite Inbetriebnahmen und Serviceeins\u00e4tze f\u00fcr uns zum t\u00e4glichen Gesch\u00e4ft.\" \/>\n<meta property=\"og:url\" content=\"https:\/\/www.b-berger.de\/zh-hans\/\u5907\u4ef6\u548c\u670d\u52a1\/\" \/>\n<meta property=\"og:site_name\" content=\"BERGER ENGINEERING GmbH\" \/>\n<meta property=\"article:modified_time\" content=\"2021-03-24T10:37:15+00:00\" \/>\n<meta property=\"og:image\" content=\"https:\/\/www.b-berger.de\/wp-content\/uploads\/2021\/03\/ersatzteile_32.jpg\" \/>\n\t<meta property=\"og:image:width\" content=\"1400\" \/>\n\t<meta property=\"og:image:height\" content=\"1047\" \/>\n\t<meta property=\"og:image:type\" content=\"image\/jpeg\" \/>\n<meta name=\"twitter:card\" content=\"summary_large_image\" \/>\n<meta name=\"twitter:label1\" content=\"\u9884\u8ba1\u9605\u8bfb\u65f6\u95f4\" \/>\n\t<meta name=\"twitter:data1\" content=\"1 \u5206\" \/>\n<script type=\"application\/ld+json\" class=\"yoast-schema-graph\">{\"@context\":\"https:\/\/schema.org\",\"@graph\":[{\"@type\":\"WebPage\",\"@id\":\"https:\/\/www.b-berger.de\/zh-hans\/%e5%a4%87%e4%bb%b6%e5%92%8c%e6%9c%8d%e5%8a%a1\/\",\"url\":\"https:\/\/www.b-berger.de\/zh-hans\/%e5%a4%87%e4%bb%b6%e5%92%8c%e6%9c%8d%e5%8a%a1\/\",\"name\":\"Ersatzteile und Service | BERGER ENGINEERING GmbH\",\"isPartOf\":{\"@id\":\"https:\/\/www.b-berger.de\/zh-hans\/#website\"},\"primaryImageOfPage\":{\"@id\":\"https:\/\/www.b-berger.de\/zh-hans\/%e5%a4%87%e4%bb%b6%e5%92%8c%e6%9c%8d%e5%8a%a1\/#primaryimage\"},\"image\":{\"@id\":\"https:\/\/www.b-berger.de\/zh-hans\/%e5%a4%87%e4%bb%b6%e5%92%8c%e6%9c%8d%e5%8a%a1\/#primaryimage\"},\"thumbnailUrl\":\"https:\/\/www.b-berger.de\/wp-content\/uploads\/2021\/03\/ersatzteile_32.jpg\",\"datePublished\":\"2021-02-18T09:11:04+00:00\",\"dateModified\":\"2021-03-24T10:37:15+00:00\",\"description\":\"Mit einem Exportanteil von \u00fcber 95 % geh\u00f6ren weltweite Inbetriebnahmen und Serviceeins\u00e4tze f\u00fcr uns zum t\u00e4glichen Gesch\u00e4ft.\",\"breadcrumb\":{\"@id\":\"https:\/\/www.b-berger.de\/zh-hans\/%e5%a4%87%e4%bb%b6%e5%92%8c%e6%9c%8d%e5%8a%a1\/#breadcrumb\"},\"inLanguage\":\"zh-Hans\",\"potentialAction\":[{\"@type\":\"ReadAction\",\"target\":[\"https:\/\/www.b-berger.de\/zh-hans\/%e5%a4%87%e4%bb%b6%e5%92%8c%e6%9c%8d%e5%8a%a1\/\"]}]},{\"@type\":\"ImageObject\",\"inLanguage\":\"zh-Hans\",\"@id\":\"https:\/\/www.b-berger.de\/zh-hans\/%e5%a4%87%e4%bb%b6%e5%92%8c%e6%9c%8d%e5%8a%a1\/#primaryimage\",\"url\":\"https:\/\/www.b-berger.de\/wp-content\/uploads\/2021\/03\/ersatzteile_32.jpg\",\"contentUrl\":\"https:\/\/www.b-berger.de\/wp-content\/uploads\/2021\/03\/ersatzteile_32.jpg\",\"width\":1400,\"height\":1047},{\"@type\":\"BreadcrumbList\",\"@id\":\"https:\/\/www.b-berger.de\/zh-hans\/%e5%a4%87%e4%bb%b6%e5%92%8c%e6%9c%8d%e5%8a%a1\/#breadcrumb\",\"itemListElement\":[{\"@type\":\"ListItem\",\"position\":1,\"name\":\"Startseite\",\"item\":\"https:\/\/www.b-berger.de\/zh-hans\/\"},{\"@type\":\"ListItem\",\"position\":2,\"name\":\"Ersatzteile und Service\"}]},{\"@type\":\"WebSite\",\"@id\":\"https:\/\/www.b-berger.de\/zh-hans\/#website\",\"url\":\"https:\/\/www.b-berger.de\/zh-hans\/\",\"name\":\"BERGER ENGINEERING GmbH\",\"description\":\"\",\"publisher\":{\"@id\":\"https:\/\/www.b-berger.de\/zh-hans\/#organization\"},\"potentialAction\":[{\"@type\":\"SearchAction\",\"target\":{\"@type\":\"EntryPoint\",\"urlTemplate\":\"https:\/\/www.b-berger.de\/zh-hans\/?s={search_term_string}\"},\"query-input\":{\"@type\":\"PropertyValueSpecification\",\"valueRequired\":true,\"valueName\":\"search_term_string\"}}],\"inLanguage\":\"zh-Hans\"},{\"@type\":\"Organization\",\"@id\":\"https:\/\/www.b-berger.de\/zh-hans\/#organization\",\"name\":\"BERGER ENGINEERING GmbH\",\"url\":\"https:\/\/www.b-berger.de\/zh-hans\/\",\"logo\":{\"@type\":\"ImageObject\",\"inLanguage\":\"zh-Hans\",\"@id\":\"https:\/\/www.b-berger.de\/zh-hans\/#\/schema\/logo\/image\/\",\"url\":\"https:\/\/www.b-berger.de\/wp-content\/uploads\/2021\/03\/berger_weblogo.png\",\"contentUrl\":\"https:\/\/www.b-berger.de\/wp-content\/uploads\/2021\/03\/berger_weblogo.png\",\"width\":331,\"height\":80,\"caption\":\"BERGER ENGINEERING GmbH\"},\"image\":{\"@id\":\"https:\/\/www.b-berger.de\/zh-hans\/#\/schema\/logo\/image\/\"},\"sameAs\":[\"https:\/\/www.youtube.com\/channel\/UCGZZDIMzOIrILiKJLzNRQzA\"]}]}<\/script>\n<!-- \/ Yoast SEO plugin. -->","yoast_head_json":{"title":"Ersatzteile und Service | BERGER ENGINEERING GmbH","description":"Mit einem Exportanteil von \u00fcber 95 % geh\u00f6ren weltweite Inbetriebnahmen und Serviceeins\u00e4tze f\u00fcr uns zum t\u00e4glichen Gesch\u00e4ft.","robots":{"index":"index","follow":"follow","max-snippet":"max-snippet:-1","max-image-preview":"max-image-preview:large","max-video-preview":"max-video-preview:-1"},"canonical":"https:\/\/www.b-berger.de\/zh-hans\/\u5907\u4ef6\u548c\u670d\u52a1\/","og_locale":"zh_CN","og_type":"article","og_title":"Ersatzteile und Service | BERGER ENGINEERING GmbH","og_description":"Mit einem Exportanteil von \u00fcber 95 % geh\u00f6ren weltweite Inbetriebnahmen und Serviceeins\u00e4tze f\u00fcr uns zum t\u00e4glichen Gesch\u00e4ft.","og_url":"https:\/\/www.b-berger.de\/zh-hans\/\u5907\u4ef6\u548c\u670d\u52a1\/","og_site_name":"BERGER ENGINEERING GmbH","article_modified_time":"2021-03-24T10:37:15+00:00","og_image":[{"width":1400,"height":1047,"url":"https:\/\/www.b-berger.de\/wp-content\/uploads\/2021\/03\/ersatzteile_32.jpg","type":"image\/jpeg"}],"twitter_card":"summary_large_image","twitter_misc":{"\u9884\u8ba1\u9605\u8bfb\u65f6\u95f4":"1 \u5206"},"schema":{"@context":"https:\/\/schema.org","@graph":[{"@type":"WebPage","@id":"https:\/\/www.b-berger.de\/zh-hans\/%e5%a4%87%e4%bb%b6%e5%92%8c%e6%9c%8d%e5%8a%a1\/","url":"https:\/\/www.b-berger.de\/zh-hans\/%e5%a4%87%e4%bb%b6%e5%92%8c%e6%9c%8d%e5%8a%a1\/","name":"Ersatzteile und Service | BERGER ENGINEERING GmbH","isPartOf":{"@id":"https:\/\/www.b-berger.de\/zh-hans\/#website"},"primaryImageOfPage":{"@id":"https:\/\/www.b-berger.de\/zh-hans\/%e5%a4%87%e4%bb%b6%e5%92%8c%e6%9c%8d%e5%8a%a1\/#primaryimage"},"image":{"@id":"https:\/\/www.b-berger.de\/zh-hans\/%e5%a4%87%e4%bb%b6%e5%92%8c%e6%9c%8d%e5%8a%a1\/#primaryimage"},"thumbnailUrl":"https:\/\/www.b-berger.de\/wp-content\/uploads\/2021\/03\/ersatzteile_32.jpg","datePublished":"2021-02-18T09:11:04+00:00","dateModified":"2021-03-24T10:37:15+00:00","description":"Mit einem Exportanteil von \u00fcber 95 % geh\u00f6ren weltweite Inbetriebnahmen und Serviceeins\u00e4tze f\u00fcr uns zum t\u00e4glichen Gesch\u00e4ft.","breadcrumb":{"@id":"https:\/\/www.b-berger.de\/zh-hans\/%e5%a4%87%e4%bb%b6%e5%92%8c%e6%9c%8d%e5%8a%a1\/#breadcrumb"},"inLanguage":"zh-Hans","potentialAction":[{"@type":"ReadAction","target":["https:\/\/www.b-berger.de\/zh-hans\/%e5%a4%87%e4%bb%b6%e5%92%8c%e6%9c%8d%e5%8a%a1\/"]}]},{"@type":"ImageObject","inLanguage":"zh-Hans","@id":"https:\/\/www.b-berger.de\/zh-hans\/%e5%a4%87%e4%bb%b6%e5%92%8c%e6%9c%8d%e5%8a%a1\/#primaryimage","url":"https:\/\/www.b-berger.de\/wp-content\/uploads\/2021\/03\/ersatzteile_32.jpg","contentUrl":"https:\/\/www.b-berger.de\/wp-content\/uploads\/2021\/03\/ersatzteile_32.jpg","width":1400,"height":1047},{"@type":"BreadcrumbList","@id":"https:\/\/www.b-berger.de\/zh-hans\/%e5%a4%87%e4%bb%b6%e5%92%8c%e6%9c%8d%e5%8a%a1\/#breadcrumb","itemListElement":[{"@type":"ListItem","position":1,"name":"Startseite","item":"https:\/\/www.b-berger.de\/zh-hans\/"},{"@type":"ListItem","position":2,"name":"Ersatzteile und Service"}]},{"@type":"WebSite","@id":"https:\/\/www.b-berger.de\/zh-hans\/#website","url":"https:\/\/www.b-berger.de\/zh-hans\/","name":"BERGER ENGINEERING GmbH","description":"","publisher":{"@id":"https:\/\/www.b-berger.de\/zh-hans\/#organization"},"potentialAction":[{"@type":"SearchAction","target":{"@type":"EntryPoint","urlTemplate":"https:\/\/www.b-berger.de\/zh-hans\/?s={search_term_string}"},"query-input":{"@type":"PropertyValueSpecification","valueRequired":true,"valueName":"search_term_string"}}],"inLanguage":"zh-Hans"},{"@type":"Organization","@id":"https:\/\/www.b-berger.de\/zh-hans\/#organization","name":"BERGER ENGINEERING GmbH","url":"https:\/\/www.b-berger.de\/zh-hans\/","logo":{"@type":"ImageObject","inLanguage":"zh-Hans","@id":"https:\/\/www.b-berger.de\/zh-hans\/#\/schema\/logo\/image\/","url":"https:\/\/www.b-berger.de\/wp-content\/uploads\/2021\/03\/berger_weblogo.png","contentUrl":"https:\/\/www.b-berger.de\/wp-content\/uploads\/2021\/03\/berger_weblogo.png","width":331,"height":80,"caption":"BERGER ENGINEERING GmbH"},"image":{"@id":"https:\/\/www.b-berger.de\/zh-hans\/#\/schema\/logo\/image\/"},"sameAs":["https:\/\/www.youtube.com\/channel\/UCGZZDIMzOIrILiKJLzNRQzA"]}]}},"_links":{"self":[{"href":"https:\/\/www.b-berger.de\/zh-hans\/wp-json\/wp\/v2\/pages\/9019","targetHints":{"allow":["GET"]}}],"collection":[{"href":"https:\/\/www.b-berger.de\/zh-hans\/wp-json\/wp\/v2\/pages"}],"about":[{"href":"https:\/\/www.b-berger.de\/zh-hans\/wp-json\/wp\/v2\/types\/page"}],"author":[{"embeddable":true,"href":"https:\/\/www.b-berger.de\/zh-hans\/wp-json\/wp\/v2\/users\/1"}],"replies":[{"embeddable":true,"href":"https:\/\/www.b-berger.de\/zh-hans\/wp-json\/wp\/v2\/comments?post=9019"}],"version-history":[{"count":2,"href":"https:\/\/www.b-berger.de\/zh-hans\/wp-json\/wp\/v2\/pages\/9019\/revisions"}],"predecessor-version":[{"id":10079,"href":"https:\/\/www.b-berger.de\/zh-hans\/wp-json\/wp\/v2\/pages\/9019\/revisions\/10079"}],"wp:featuredmedia":[{"embeddable":true,"href":"https:\/\/www.b-berger.de\/zh-hans\/wp-json\/wp\/v2\/media\/6948"}],"wp:attachment":[{"href":"https:\/\/www.b-berger.de\/zh-hans\/wp-json\/wp\/v2\/media?parent=9019"}],"curies":[{"name":"wp","href":"https:\/\/api.w.org\/{rel}","templated":true}]}}